{"id":257,"date":"2025-12-18T10:12:43","date_gmt":"2025-12-18T10:12:43","guid":{"rendered":"https:\/\/playlocal.app\/?page_id=257"},"modified":"2026-01-21T19:11:22","modified_gmt":"2026-01-21T19:11:22","slug":"que-hacemos","status":"publish","type":"page","link":"https:\/\/playlocal.app\/en\/que-hacemos\/","title":{"rendered":"What we do"},"content":{"rendered":"<div data-elementor-type=\"wp-page\" data-elementor-id=\"257\" class=\"elementor elementor-257\">\n\t\t\t\t<div class=\"elementor-element elementor-element-abd739c elementor-hidden-desktop e-flex e-con-boxed sc_layouts_column_icons_position_left e-con e-parent\" data-id=\"abd739c\" data-element_type=\"container\" data-settings=\"{&quot;background_background&quot;:&quot;classic&quot;}\">\n\t\t\t\t\t<div class=\"e-con-inner\">\n\t\t<div class=\"elementor-element elementor-element-3bf2757 e-con-full e-flex sc_layouts_column_icons_position_left e-con e-child\" data-id=\"3bf2757\" data-element_type=\"container\">\n\t\t\t\t<div class=\"elementor-element elementor-element-155f370 sc_fly_static elementor-widget elementor-widget-trx_sc_layouts_logo\" data-id=\"155f370\" data-element_type=\"widget\" data-widget_type=\"trx_sc_layouts_logo.default\">\n\t\t\t\t<div class=\"elementor-widget-container\">\n\t\t\t\t\t<a href=\"https:\/\/playlocal.app\/en\/\"\n\t\tclass=\"sc_layouts_logo sc_layouts_logo_default trx_addons_inline_981719173\" ><span class=\"logo_text\">PLAYLOCAL<\/span><\/a>\t\t\t\t<\/div>\n\t\t\t\t<\/div>\n\t\t\t\t<\/div>\n\t\t<div class=\"elementor-element elementor-element-7ba0e8a e-con-full e-flex sc_layouts_column_icons_position_left e-con e-child\" data-id=\"7ba0e8a\" data-element_type=\"container\">\n\t\t\t\t<div class=\"elementor-element elementor-element-af340b8 trx-addons-nav-slide trx-addons-ver-hamburger-menu-right trx-addons-slide-menu-effect-slide trx-addons-mobile-menu-align-flex-start trx-addons-dropdown-icon-inline sc_fly_static elementor-widget elementor-widget-trx_elm_nav_menu\" data-id=\"af340b8\" data-element_type=\"widget\" data-settings=\"{&quot;submenu_icon&quot;:{&quot;value&quot;:&quot;fas fa-chevron-down&quot;,&quot;library&quot;:&quot;fa-solid&quot;},&quot;submenu_item_icon&quot;:{&quot;value&quot;:&quot;fas fa-chevron-down&quot;,&quot;library&quot;:&quot;fa-solid&quot;}}\" data-widget_type=\"trx_elm_nav_menu.default\">\n\t\t\t\t<div class=\"elementor-widget-container\">\n\t\t\t\t\t\t\t\t\t<div class=\"trx-addons-error-notice\">\n\t\t\t\t\tThis is an empty menu. Please make sure your menu has items.\t\t\t\t<\/div>\n\t\t\t\t\t\t\t\t<\/div>\n\t\t\t\t<\/div>\n\t\t\t\t<\/div>\n\t\t\t\t\t<\/div>\n\t\t\t\t<\/div>\n\t\t<div class=\"elementor-element elementor-element-71a3d2c e-con-full e-flex sc_layouts_column_icons_position_left e-con e-parent\" data-id=\"71a3d2c\" data-element_type=\"container\" data-settings=\"{&quot;background_background&quot;:&quot;classic&quot;}\">\n\t\t<div class=\"elementor-element elementor-element-c02d591 e-con-full e-flex sc_layouts_column_icons_position_left e-con e-child\" data-id=\"c02d591\" data-element_type=\"container\">\n\t\t\t\t<div data-animation-type=\"block\" class=\"elementor-element elementor-element-65cda9a animation_type_block sc_fly_static elementor-invisible elementor-widget elementor-widget-heading\" data-id=\"65cda9a\" data-element_type=\"widget\" data-settings=\"{&quot;_animation&quot;:&quot;ta_fadeinup&quot;}\" data-widget_type=\"heading.default\">\n\t\t\t\t\t<h3 class=\"elementor-heading-title elementor-size-default\">WHAT WE DO<\/h3>\t\t\t\t<\/div>\n\t\t\t\t<div data-animation-type=\"block\" class=\"elementor-element elementor-element-5d39dff elementor-widget__width-initial elementor-widget-tablet__width-initial animation_type_block sc_fly_static elementor-invisible elementor-widget elementor-widget-heading\" data-id=\"5d39dff\" data-element_type=\"widget\" data-settings=\"{&quot;_animation&quot;:&quot;ta_fadeinup&quot;,&quot;_animation_delay&quot;:100}\" data-widget_type=\"heading.default\">\n\t\t\t\t\t<h1 class=\"elementor-heading-title elementor-size-default\">App for displaying content in bars and restaurants<\/h1>\t\t\t\t<\/div>\n\t\t\t\t<div data-animation-type=\"block\" class=\"elementor-element elementor-element-c65b5bf elementor-hidden-desktop elementor-hidden-tablet elementor-hidden-mobile animation_type_block sc_fly_static elementor-invisible elementor-widget elementor-widget-text-editor\" data-id=\"c65b5bf\" data-element_type=\"widget\" data-settings=\"{&quot;_animation&quot;:&quot;ta_fadeinup&quot;,&quot;_animation_delay&quot;:200}\" data-widget_type=\"text-editor.default\">\n\t\t\t\t\t\t\t\t\t<p data-start=\"355\" data-end=\"454\"><strong data-start=\"355\" data-end=\"452\">Qu\u00e9 mejor lugar para promocionarte que en tu propio local. Tus clientes compran con los ojos.<\/strong><\/p><p data-start=\"456\" data-end=\"777\">Con <strong data-start=\"460\" data-end=\"522\">PlayLocal, la carteler\u00eda digital para bares y restaurantes<\/strong>, puedes mostrar <strong data-start=\"539\" data-end=\"634\">fotos, platos, promociones y ofertas directamente en la TV de tu local usando solo tu m\u00f3vil<\/strong>. Haz una foto, abre la app de PlayLocal y publ\u00edcala: <strong data-start=\"688\" data-end=\"774\">autom\u00e1ticamente aparecer\u00e1 en la TV de tu local gracias a nuestra URL personalizada<\/strong>.<\/p><p data-start=\"779\" data-end=\"933\">Es la manera m\u00e1s r\u00e1pida de ense\u00f1ar <strong data-start=\"814\" data-end=\"891\">tapas, platos, pintxos, c\u00f3cteles, eventos, promociones o el ambiente real<\/strong> de tu bar o restaurante a tus clientes.<\/p><p style=\"text-align: center;\" data-start=\"935\" data-end=\"1010\">Sin t\u00e9cnicos, sin dise\u00f1o complicado y sin necesidad de aprender nada nuevo.<\/p>\t\t\t\t\t\t\t\t<\/div>\n\t\t\t\t<div data-animation-type=\"block\" class=\"elementor-element elementor-element-58b668d animation_type_block sc_fly_static elementor-invisible elementor-widget elementor-widget-text-editor\" data-id=\"58b668d\" data-element_type=\"widget\" data-settings=\"{&quot;_animation&quot;:&quot;ta_fadeinup&quot;,&quot;_animation_delay&quot;:200}\" data-widget_type=\"text-editor.default\">\n\t\t\t\t\t\t\t\t\t<p>Playlocal is an app designed for bars and restaurants that want to <strong>display the content<\/strong> of your business on screens inside the premises of <strong>simple and without technical complications.<\/strong><\/p><p>Our role is to enable any establishment to upload, manage, and display its content, such as menus, promotions, or messages, directly from a mobile phone or browser, without third-party advertising.<\/p><p>At Playlocal, we work to help bars and restaurants better communicate their offerings within their establishments, making information clearer, more visual, and easier to update.<\/p>\t\t\t\t\t\t\t\t<\/div>\n\t\t\t\t<\/div>\n\t\t<div class=\"elementor-element elementor-element-91ce340 e-con-full e-flex sc_layouts_column_icons_position_left e-con e-child\" data-id=\"91ce340\" data-element_type=\"container\">\n\t\t\t\t<div data-animation-type=\"block\" class=\"elementor-element elementor-element-119ffda animation_type_block sc_fly_static elementor-invisible elementor-widget elementor-widget-image\" data-id=\"119ffda\" data-element_type=\"widget\" data-settings=\"{&quot;_animation&quot;:&quot;ta_fadeinup&quot;,&quot;_animation_delay&quot;:200}\" data-widget_type=\"image.default\">\n\t\t\t\t\t\t\t\t\t\t\t\t\t\t\t<img fetchpriority=\"high\" decoding=\"async\" width=\"2560\" height=\"1707\" src=\"https:\/\/playlocal.app\/wp-content\/uploads\/2025\/12\/mano-de-la-mujer-que-sostiene-la-pantalla-en-blanco-del-telefono-elegante-copie-el-espacio-mano-que-sostiene-el-smartphone-aislado-en-el-fondo-blanco-scaled.jpg\" class=\"attachment-full size-full wp-image-341\" alt=\"\" srcset=\"https:\/\/playlocal.app\/wp-content\/uploads\/2025\/12\/mano-de-la-mujer-que-sostiene-la-pantalla-en-blanco-del-telefono-elegante-copie-el-espacio-mano-que-sostiene-el-smartphone-aislado-en-el-fondo-blanco-scaled.jpg 2560w, https:\/\/playlocal.app\/wp-content\/uploads\/2025\/12\/mano-de-la-mujer-que-sostiene-la-pantalla-en-blanco-del-telefono-elegante-copie-el-espacio-mano-que-sostiene-el-smartphone-aislado-en-el-fondo-blanco-300x200.jpg 300w, https:\/\/playlocal.app\/wp-content\/uploads\/2025\/12\/mano-de-la-mujer-que-sostiene-la-pantalla-en-blanco-del-telefono-elegante-copie-el-espacio-mano-que-sostiene-el-smartphone-aislado-en-el-fondo-blanco-1024x683.jpg 1024w, https:\/\/playlocal.app\/wp-content\/uploads\/2025\/12\/mano-de-la-mujer-que-sostiene-la-pantalla-en-blanco-del-telefono-elegante-copie-el-espacio-mano-que-sostiene-el-smartphone-aislado-en-el-fondo-blanco-768x512.jpg 768w, https:\/\/playlocal.app\/wp-content\/uploads\/2025\/12\/mano-de-la-mujer-que-sostiene-la-pantalla-en-blanco-del-telefono-elegante-copie-el-espacio-mano-que-sostiene-el-smartphone-aislado-en-el-fondo-blanco-1536x1024.jpg 1536w, https:\/\/playlocal.app\/wp-content\/uploads\/2025\/12\/mano-de-la-mujer-que-sostiene-la-pantalla-en-blanco-del-telefono-elegante-copie-el-espacio-mano-que-sostiene-el-smartphone-aislado-en-el-fondo-blanco-2048x1365.jpg 2048w, https:\/\/playlocal.app\/wp-content\/uploads\/2025\/12\/mano-de-la-mujer-que-sostiene-la-pantalla-en-blanco-del-telefono-elegante-copie-el-espacio-mano-que-sostiene-el-smartphone-aislado-en-el-fondo-blanco-18x12.jpg 18w, https:\/\/playlocal.app\/wp-content\/uploads\/2025\/12\/mano-de-la-mujer-que-sostiene-la-pantalla-en-blanco-del-telefono-elegante-copie-el-espacio-mano-que-sostiene-el-smartphone-aislado-en-el-fondo-blanco-370x247.jpg 370w, https:\/\/playlocal.app\/wp-content\/uploads\/2025\/12\/mano-de-la-mujer-que-sostiene-la-pantalla-en-blanco-del-telefono-elegante-copie-el-espacio-mano-que-sostiene-el-smartphone-aislado-en-el-fondo-blanco-924x616.jpg 924w, https:\/\/playlocal.app\/wp-content\/uploads\/2025\/12\/mano-de-la-mujer-que-sostiene-la-pantalla-en-blanco-del-telefono-elegante-copie-el-espacio-mano-que-sostiene-el-smartphone-aislado-en-el-fondo-blanco-410x273.jpg 410w\" sizes=\"(max-width: 2560px) 100vw, 2560px\" \/>\t\t\t\t\t\t\t\t\t\t\t\t\t\t\t<\/div>\n\t\t\t\t<\/div>\n\t\t\t\t<\/div>\n\t\t<div class=\"elementor-element elementor-element-857dba8 e-flex e-con-boxed sc_layouts_column_icons_position_left e-con e-parent\" data-id=\"857dba8\" data-element_type=\"container\" data-settings=\"{&quot;background_background&quot;:&quot;classic&quot;}\">\n\t\t\t\t\t<div class=\"e-con-inner\">\n\t\t<div class=\"elementor-element elementor-element-d8d27a7 e-con-full e-flex sc_layouts_column_icons_position_left e-con e-child\" data-id=\"d8d27a7\" data-element_type=\"container\">\n\t\t\t\t<div data-animation-type=\"block\" class=\"elementor-element elementor-element-f58e335 animation_type_block sc_fly_static elementor-invisible elementor-widget elementor-widget-heading\" data-id=\"f58e335\" data-element_type=\"widget\" data-settings=\"{&quot;_animation&quot;:&quot;ta_fadeinup&quot;}\" data-widget_type=\"heading.default\">\n\t\t\t\t\t<h6 class=\"elementor-heading-title elementor-size-default\">BENEFITS<\/h6>\t\t\t\t<\/div>\n\t\t<div class=\"elementor-element elementor-element-bf07a12 e-con-full e-flex sc_layouts_column_icons_position_left e-con e-child\" data-id=\"bf07a12\" data-element_type=\"container\">\n\t\t\t\t<div class=\"elementor-element elementor-element-c3b7e71 sc_fly_static elementor-widget elementor-widget-heading\" data-id=\"c3b7e71\" data-element_type=\"widget\" data-widget_type=\"heading.default\">\n\t\t\t\t\t<h2 class=\"elementor-heading-title elementor-size-default\">Everything you need to get started<\/h2>\t\t\t\t<\/div>\n\t\t<div class=\"e-con-gap-no elementor-element elementor-element-adcdfda e-con-full e-flex sc_layouts_column_icons_position_left e-con e-child\" data-id=\"adcdfda\" data-element_type=\"container\">\n\t\t<div class=\"elementor-element elementor-element-43ddee5 e-con-full e-grid sc_layouts_column_icons_position_left e-con e-child\" data-id=\"43ddee5\" data-element_type=\"container\">\n\t\t\t\t<div class=\"elementor-element elementor-element-558aa77 with-hover-on-widget with-bg-elementor-animation-trx_hover_zoom sc_fly_static elementor-widget elementor-widget-trx_elm_info_box\" data-id=\"558aa77\" data-element_type=\"widget\" data-widget_type=\"trx_elm_info_box.default\">\n\t\t\t\t<div class=\"elementor-widget-container\">\n\t\t\t\t\t\t\t<div class=\"trx-addons-info-box-container trx-addons-info-box-container-overlay\"><div class=\"trx-addons-info-box-container-bg-imitator-container\"><div class=\"trx-addons-info-box-container-bg-imitator elementor-animation-trx_hover_zoom\"><\/div><\/div><a class=\"trx-addons-info-box-container-link\" href=\"#\"><\/a><div class=\"trx-addons-info-box-overlay\"><\/div><div class=\"trx-addons-info-box\">\n\t\t\t\t\t\t\t\t<div class=\"trx-addons-info-box-content\">\n\t\t\t\t\t<div class=\"trx-addons-info-box-title-wrap\">\n\t\t\t\t\t\t\t\t\t\t\t\t\t<div class=\"trx-addons-info-box-title-container\">\n\t\t\t\t\t\t\t\t<h3 class=\"trx-addons-info-box-title\">Turn your TV into a sales tool<\/h3>\n\t\t\t\t\t\t\t<\/div>\n\t\t\t\t\t\t\t\t\t\t\t\t<\/div>\n\n\t\t\t\t\t\n\t\t\t\t\t\t\t\t\t\t\t\t\t\t<\/div>\n\t\t\t<\/div>\n\t\t<\/div>\n\t\t\t\t\t\t<\/div>\n\t\t\t\t<\/div>\n\t\t\t\t<div class=\"elementor-element elementor-element-0ab8123 with-hover-on-widget with-bg-elementor-animation-trx_hover_zoom sc_fly_static elementor-widget elementor-widget-trx_elm_info_box\" data-id=\"0ab8123\" data-element_type=\"widget\" data-widget_type=\"trx_elm_info_box.default\">\n\t\t\t\t<div class=\"elementor-widget-container\">\n\t\t\t\t\t\t\t<div class=\"trx-addons-info-box-container trx-addons-info-box-container-overlay\"><div class=\"trx-addons-info-box-container-bg-imitator-container\"><div class=\"trx-addons-info-box-container-bg-imitator elementor-animation-trx_hover_zoom\"><\/div><\/div><a class=\"trx-addons-info-box-container-link\" href=\"#\"><\/a><div class=\"trx-addons-info-box-overlay\"><\/div><div class=\"trx-addons-info-box\">\n\t\t\t\t\t\t\t\t<div class=\"trx-addons-info-box-content\">\n\t\t\t\t\t<div class=\"trx-addons-info-box-title-wrap\">\n\t\t\t\t\t\t\t\t\t\t\t\t\t<div class=\"trx-addons-info-box-title-container\">\n\t\t\t\t\t\t\t\t<h3 class=\"trx-addons-info-box-title\">Publish and update content in seconds<\/h3>\n\t\t\t\t\t\t\t<\/div>\n\t\t\t\t\t\t\t\t\t\t\t\t<\/div>\n\n\t\t\t\t\t\n\t\t\t\t\t\t\t\t\t\t\t\t\t\t<\/div>\n\t\t\t<\/div>\n\t\t<\/div>\n\t\t\t\t\t\t<\/div>\n\t\t\t\t<\/div>\n\t\t\t\t<div class=\"elementor-element elementor-element-69b3fe6 with-hover-on-widget with-bg-elementor-animation-trx_hover_zoom sc_fly_static elementor-widget elementor-widget-trx_elm_info_box\" data-id=\"69b3fe6\" data-element_type=\"widget\" data-widget_type=\"trx_elm_info_box.default\">\n\t\t\t\t<div class=\"elementor-widget-container\">\n\t\t\t\t\t\t\t<div class=\"trx-addons-info-box-container trx-addons-info-box-container-overlay\"><div class=\"trx-addons-info-box-container-bg-imitator-container\"><div class=\"trx-addons-info-box-container-bg-imitator elementor-animation-trx_hover_zoom\"><\/div><\/div><a class=\"trx-addons-info-box-container-link\" href=\"#\"><\/a><div class=\"trx-addons-info-box-overlay\"><\/div><div class=\"trx-addons-info-box\">\n\t\t\t\t\t\t\t\t<div class=\"trx-addons-info-box-content\">\n\t\t\t\t\t<div class=\"trx-addons-info-box-title-wrap\">\n\t\t\t\t\t\t\t\t\t\t\t\t\t<div class=\"trx-addons-info-box-title-container\">\n\t\t\t\t\t\t\t\t<h3 class=\"trx-addons-info-box-title\">Complete management from your mobile phone<\/h3>\n\t\t\t\t\t\t\t<\/div>\n\t\t\t\t\t\t\t\t\t\t\t\t<\/div>\n\n\t\t\t\t\t\n\t\t\t\t\t\t\t\t\t\t\t\t\t\t<\/div>\n\t\t\t<\/div>\n\t\t<\/div>\n\t\t\t\t\t\t<\/div>\n\t\t\t\t<\/div>\n\t\t\t\t<div class=\"elementor-element elementor-element-420c644 with-hover-on-widget with-bg-elementor-animation-trx_hover_zoom sc_fly_static elementor-widget elementor-widget-trx_elm_info_box\" data-id=\"420c644\" data-element_type=\"widget\" data-widget_type=\"trx_elm_info_box.default\">\n\t\t\t\t<div class=\"elementor-widget-container\">\n\t\t\t\t\t\t\t<div class=\"trx-addons-info-box-container trx-addons-info-box-container-overlay\"><div class=\"trx-addons-info-box-container-bg-imitator-container\"><div class=\"trx-addons-info-box-container-bg-imitator elementor-animation-trx_hover_zoom\"><\/div><\/div><a class=\"trx-addons-info-box-container-link\" href=\"#\"><\/a><div class=\"trx-addons-info-box-overlay\"><\/div><div class=\"trx-addons-info-box\">\n\t\t\t\t\t\t\t\t<div class=\"trx-addons-info-box-content\">\n\t\t\t\t\t<div class=\"trx-addons-info-box-title-wrap\">\n\t\t\t\t\t\t\t\t\t\t\t\t\t<div class=\"trx-addons-info-box-title-container\">\n\t\t\t\t\t\t\t\t<h3 class=\"trx-addons-info-box-title\">Free and no initial investment<\/h3>\n\t\t\t\t\t\t\t<\/div>\n\t\t\t\t\t\t\t\t\t\t\t\t<\/div>\n\n\t\t\t\t\t\n\t\t\t\t\t\t\t\t\t\t\t\t\t\t<\/div>\n\t\t\t<\/div>\n\t\t<\/div>\n\t\t\t\t\t\t<\/div>\n\t\t\t\t<\/div>\n\t\t\t\t<\/div>\n\t\t\t\t<\/div>\n\t\t\t\t<\/div>\n\t\t\t\t<\/div>\n\t\t\t\t\t<\/div>\n\t\t\t\t<\/div>\n\t\t<div class=\"elementor-element elementor-element-d57000b e-flex e-con-boxed sc_layouts_column_icons_position_left e-con e-parent\" data-id=\"d57000b\" data-element_type=\"container\" data-settings=\"{&quot;background_background&quot;:&quot;classic&quot;}\">\n\t\t\t\t\t<div class=\"e-con-inner\">\n\t\t\t\t<div class=\"elementor-element elementor-element-8a5d18c sc_fly_static elementor-widget elementor-widget-heading\" data-id=\"8a5d18c\" data-element_type=\"widget\" data-widget_type=\"heading.default\">\n\t\t\t\t\t<h2 class=\"elementor-heading-title elementor-size-default\">Start today. It's free of charge.<\/h2>\t\t\t\t<\/div>\n\t\t<div class=\"elementor-element elementor-element-b740931 e-con-full e-flex sc_layouts_column_icons_position_left e-con e-child\" data-id=\"b740931\" data-element_type=\"container\">\n\t\t\t\t<div class=\"elementor-element elementor-element-2fd0db5 sc_fly_static elementor-widget elementor-widget-text-editor\" data-id=\"2fd0db5\" data-element_type=\"widget\" data-widget_type=\"text-editor.default\">\n\t\t\t\t\t\t\t\t\t<p style=\"text-align: center;\">Want more orders? Sign up for PlayLocal and you'll start to notice the difference. Plus, it's always free.<\/p>\t\t\t\t\t\t\t\t<\/div>\n\t\t\t\t<\/div>\n\t\t\t\t\t<\/div>\n\t\t\t\t<\/div>\n\t\t<div class=\"elementor-element elementor-element-5b2628b e-flex e-con-boxed sc_layouts_column_icons_position_left e-con e-parent\" data-id=\"5b2628b\" data-element_type=\"container\" data-settings=\"{&quot;background_background&quot;:&quot;classic&quot;}\">\n\t\t\t\t\t<div class=\"e-con-inner\">\n\t\t\t\t<div class=\"elementor-element elementor-element-b02cd6f elementor-align-center sc_fly_static elementor-widget elementor-widget-button\" data-id=\"b02cd6f\" data-element_type=\"widget\" data-widget_type=\"button.default\">\n\t\t\t\t\t\t\t\t\t\t<a class=\"elementor-button elementor-button-link elementor-size-sm\" href=\"https:\/\/app.playlocal.app\/login\">\n\t\t\t\t\t\t<span class=\"elementor-button-content-wrapper\">\n\t\t\t\t\t\t\t\t\t<span class=\"elementor-button-text\">REGISTER NOW<\/span>\n\t\t\t\t\t<\/span>\n\t\t\t\t\t<\/a>\n\t\t\t\t\t\t\t\t<\/div>\n\t\t\t\t\t<\/div>\n\t\t\t\t<\/div>\n\t\t<div class=\"elementor-element elementor-element-fdc4060 e-flex e-con-boxed sc_layouts_column_icons_position_left e-con e-child\" data-id=\"fdc4060\" data-element_type=\"container\">\n\t\t\t\t\t<div class=\"e-con-inner\">\n\t\t<div data-animation-type=\"block\" class=\"elementor-element elementor-element-26cbebc e-con-full elementor-hidden-desktop elementor-hidden-tablet elementor-hidden-mobile e-flex sc_layouts_column_icons_position_left animation_type_block elementor-invisible e-con e-child\" data-id=\"26cbebc\" data-element_type=\"container\" data-settings=\"{&quot;animation&quot;:&quot;ta_fadeinup&quot;,&quot;animation_delay&quot;:100}\">\n\t\t<div class=\"elementor-element elementor-element-99654f5 e-con-full e-flex sc_layouts_column_icons_position_left e-con e-child\" data-id=\"99654f5\" data-element_type=\"container\">\n\t\t\t\t<div class=\"elementor-element elementor-element-9bead44 sc_fly_static elementor-widget elementor-widget-heading\" data-id=\"9bead44\" data-element_type=\"widget\" data-widget_type=\"heading.default\">\n\t\t\t\t\t<h3 class=\"elementor-heading-title elementor-size-default\">PROMOCI\u00d3N LOCAL AUTOM\u00c1TICA<\/h3>\t\t\t\t<\/div>\n\t\t\t\t<\/div>\n\t\t<div class=\"elementor-element elementor-element-ec9083d e-con-full e-flex sc_layouts_column_icons_position_left e-con e-child\" data-id=\"ec9083d\" data-element_type=\"container\">\n\t\t\t\t<div class=\"elementor-element elementor-element-51128e4 sc_fly_static elementor-widget elementor-widget-text-editor\" data-id=\"51128e4\" data-element_type=\"widget\" data-widget_type=\"text-editor.default\">\n\t\t\t\t\t\t\t\t\t<p class=\"p1\" style=\"text-align: center;\">Las pantallas captan la atenci\u00f3n de tus clientes en el momento clave: cuando est\u00e1n dentro del local. Ense\u00f1ar tus platos y ofertas en la TV aumenta la venta por impulso y hace que el cliente consuma m\u00e1s.<\/p><p style=\"text-align: center;\"><b>Aumenta el consumo mostrando lo que vendes<\/b><\/p>\t\t\t\t\t\t\t\t<\/div>\n\t\t\t\t<\/div>\n\t\t\t\t<\/div>\n\t\t<div data-animation-type=\"block\" class=\"elementor-element elementor-element-b3b3681 e-con-full elementor-hidden-desktop elementor-hidden-tablet elementor-hidden-mobile e-flex sc_layouts_column_icons_position_left animation_type_block elementor-invisible e-con e-child\" data-id=\"b3b3681\" data-element_type=\"container\" data-settings=\"{&quot;animation&quot;:&quot;ta_fadeinup&quot;,&quot;animation_delay&quot;:100}\">\n\t\t<div class=\"elementor-element elementor-element-e478a80 e-con-full e-flex sc_layouts_column_icons_position_left e-con e-child\" data-id=\"e478a80\" data-element_type=\"container\">\n\t\t\t\t<div class=\"elementor-element elementor-element-aa9689f sc_fly_static elementor-widget elementor-widget-heading\" data-id=\"aa9689f\" data-element_type=\"widget\" data-widget_type=\"heading.default\">\n\t\t\t\t\t<h3 class=\"elementor-heading-title elementor-size-default\">CONTROL TOTAL DESDE EL M\u00d3VIL<\/h3>\t\t\t\t<\/div>\n\t\t\t\t<\/div>\n\t\t<div class=\"elementor-element elementor-element-5a88e02 e-con-full e-flex sc_layouts_column_icons_position_left e-con e-child\" data-id=\"5a88e02\" data-element_type=\"container\">\n\t\t\t\t<div class=\"elementor-element elementor-element-3637fb8 sc_fly_static elementor-widget elementor-widget-text-editor\" data-id=\"3637fb8\" data-element_type=\"widget\" data-widget_type=\"text-editor.default\">\n\t\t\t\t\t\t\t\t\t<p class=\"p2\" style=\"text-align: center;\">Actualiza tus pantallas cuando quieras y tantas veces como quieras. Crea galer\u00edas, cambia mensajes, muestra precios o a\u00f1ade fotos nuevas sin depender de terceros.<\/p><p style=\"text-align: center;\"><strong>Libertad total, cero mantenimiento, sin coste extra<\/strong><\/p>\t\t\t\t\t\t\t\t<\/div>\n\t\t\t\t<\/div>\n\t\t\t\t<\/div>\n\t\t\t\t\t<\/div>\n\t\t\t\t<\/div>\n\t\t\t\t<\/div>","protected":false},"excerpt":{"rendered":"<p>PLAYLOCAL This is an empty menu. Please make sure your menu has items.&hellip;<\/p>","protected":false},"author":1,"featured_media":0,"parent":0,"menu_order":0,"comment_status":"closed","ping_status":"closed","template":"","meta":{"footnotes":""},"class_list":["post-257","page","type-page","status-publish","hentry"],"_links":{"self":[{"href":"https:\/\/playlocal.app\/en\/wp-json\/wp\/v2\/pages\/257","targetHints":{"allow":["GET"]}}],"collection":[{"href":"https:\/\/playlocal.app\/en\/wp-json\/wp\/v2\/pages"}],"about":[{"href":"https:\/\/playlocal.app\/en\/wp-json\/wp\/v2\/types\/page"}],"author":[{"embeddable":true,"href":"https:\/\/playlocal.app\/en\/wp-json\/wp\/v2\/users\/1"}],"replies":[{"embeddable":true,"href":"https:\/\/playlocal.app\/en\/wp-json\/wp\/v2\/comments?post=257"}],"version-history":[{"count":138,"href":"https:\/\/playlocal.app\/en\/wp-json\/wp\/v2\/pages\/257\/revisions"}],"predecessor-version":[{"id":1193,"href":"https:\/\/playlocal.app\/en\/wp-json\/wp\/v2\/pages\/257\/revisions\/1193"}],"wp:attachment":[{"href":"https:\/\/playlocal.app\/en\/wp-json\/wp\/v2\/media?parent=257"}],"curies":[{"name":"wp","href":"https:\/\/api.w.org\/{rel}","templated":true}]}}