{"id":620,"date":"2025-12-22T15:10:42","date_gmt":"2025-12-22T15:10:42","guid":{"rendered":"https:\/\/playlocal.app\/?page_id=620"},"modified":"2026-01-29T18:48:31","modified_gmt":"2026-01-29T18:48:31","slug":"aviso-legal","status":"publish","type":"page","link":"https:\/\/playlocal.app\/en\/aviso-legal\/","title":{"rendered":"Aviso legal"},"content":{"rendered":"<div data-elementor-type=\"wp-page\" data-elementor-id=\"620\" class=\"elementor elementor-620\">\n\t\t\t\t<div class=\"elementor-element elementor-element-2b6a8ba4 e-flex e-con-boxed sc_layouts_column_icons_position_left e-con e-parent\" data-id=\"2b6a8ba4\" data-element_type=\"container\">\n\t\t\t\t\t<div class=\"e-con-inner\">\n\t\t\t\t<div class=\"elementor-element elementor-element-45765877 sc_fly_static elementor-widget elementor-widget-text-editor\" data-id=\"45765877\" data-element_type=\"widget\" data-widget_type=\"text-editor.default\">\n\t\t\t\t\t\t\t\t\t\n<p><\/p>\n\t\t\t\t\t\t\t\t<\/div>\n\t\t\t\t\t<\/div>\n\t\t\t\t<\/div>\n\t\t<div class=\"elementor-element elementor-element-d040204 e-flex e-con-boxed sc_layouts_column_icons_position_left e-con e-parent\" data-id=\"d040204\" data-element_type=\"container\">\n\t\t\t\t\t<div class=\"e-con-inner\">\n\t\t\t\t<div class=\"elementor-element elementor-element-33f9eb2 sc_fly_static elementor-widget elementor-widget-text-editor\" data-id=\"33f9eb2\" data-element_type=\"widget\" data-widget_type=\"text-editor.default\">\n\t\t\t\t\t\t\t\t\t<h1><strong data-start=\"335\" data-end=\"350\"><span style=\"color: #333333;\">Legal Notice<\/span><\/strong><\/h1>\n<p data-start=\"352\" data-end=\"553\">En cumplimiento de lo dispuesto en la Ley 34\/2002, de 11 de julio, de Servicios de la Sociedad de la Informaci\u00f3n y del Comercio Electr\u00f3nico (LSSI-CE), se informa a los usuarios de los siguientes datos:<\/p>\n<h3 data-start=\"560\" data-end=\"591\"><span style=\"color: #333333;\"><strong data-start=\"563\" data-end=\"591\">1. Datos identificativos<\/strong><\/span><\/h3>\n<ul data-start=\"593\" data-end=\"804\">\n<li data-start=\"593\" data-end=\"619\">\n<p data-start=\"595\" data-end=\"619\"><strong data-start=\"595\" data-end=\"607\">Titular:<\/strong> PlayLocal<\/p>\n<\/li>\n<li data-start=\"620\" data-end=\"670\">\n<p data-start=\"622\" data-end=\"670\"><strong data-start=\"622\" data-end=\"636\">Actividad:<\/strong> Plataforma SaaS para hosteler\u00eda<\/p>\n<\/li>\n<li data-start=\"671\" data-end=\"729\">\n<p data-start=\"673\" data-end=\"729\"><strong data-start=\"673\" data-end=\"694\">Domicilio social:<\/strong> San Sebasti\u00e1n (Donostia), Espa\u00f1a<\/p>\n<\/li>\n<li data-start=\"730\" data-end=\"804\">\n<p data-start=\"732\" data-end=\"804\"><strong data-start=\"732\" data-end=\"767\">Correo electr\u00f3nico de contacto:<\/strong> info@playlocal.app<\/p>\n<\/li>\n<\/ul>\n<h3 data-start=\"811\" data-end=\"827\"><span style=\"color: #333333;\"><strong data-start=\"814\" data-end=\"827\">2. Objeto<\/strong><\/span><\/h3>\n<p data-start=\"829\" data-end=\"1041\">El presente Aviso Legal regula el acceso, navegaci\u00f3n y uso del sitio web de <strong data-start=\"905\" data-end=\"918\">PlayLocal<\/strong>, as\u00ed como las responsabilidades derivadas de la utilizaci\u00f3n de sus contenidos (textos, im\u00e1genes, software, dise\u00f1os, etc.).<\/p>\n<p data-start=\"1043\" data-end=\"1200\">El acceso y uso del sitio web atribuye la condici\u00f3n de usuario e implica la aceptaci\u00f3n plena y sin reservas de las condiciones recogidas en este Aviso Legal.<\/p>\n<h3 data-start=\"1207\" data-end=\"1235\"><span style=\"color: #333333;\"><strong data-start=\"1210\" data-end=\"1235\">3. Condiciones de uso<\/strong><\/span><\/h3>\n<p data-start=\"1237\" data-end=\"1394\">El usuario se compromete a utilizar el sitio web, sus contenidos y servicios de conformidad con la ley, el presente Aviso Legal, la moral y el orden p\u00fablico.<\/p>\n<p data-start=\"1396\" data-end=\"1538\">Queda prohibido el uso del sitio web con fines il\u00edcitos o lesivos, o que puedan causar perjuicio o impedir el normal funcionamiento del mismo.<\/p>\n<h3 data-start=\"1545\" data-end=\"1589\"><span style=\"color: #333333;\"><strong data-start=\"1548\" data-end=\"1589\">4. Propiedad intelectual e industrial<\/strong><\/span><\/h3>\n<p data-start=\"1591\" data-end=\"1911\">Todos los contenidos del sitio web, incluyendo a t\u00edtulo enunciativo pero no limitativo textos, im\u00e1genes, dise\u00f1os, logotipos, iconos, software, nombres comerciales y marcas, son propiedad de PlayLocal o de terceros autorizados, y est\u00e1n protegidos por la normativa vigente en materia de propiedad intelectual e industrial.<\/p>\n<p data-start=\"1913\" data-end=\"2072\">Queda expresamente prohibida la reproducci\u00f3n, distribuci\u00f3n, comunicaci\u00f3n p\u00fablica o transformaci\u00f3n de dichos contenidos sin la autorizaci\u00f3n expresa del titular.<\/p>\n<h3 data-start=\"2079\" data-end=\"2104\"><span style=\"color: #333333;\"><strong data-start=\"2082\" data-end=\"2104\">5. Responsabilidad<\/strong><\/span><\/h3>\n<p data-start=\"2106\" data-end=\"2260\">PlayLocal no se hace responsable de los da\u00f1os o perjuicios derivados del uso indebido del sitio web, ni de posibles errores u omisiones en los contenidos.<\/p>\n<p data-start=\"2262\" data-end=\"2388\">Tampoco se responsabiliza de la falta de disponibilidad del sitio web por causas t\u00e9cnicas, de mantenimiento o de fuerza mayor.<\/p>\n<h3 data-start=\"2395\" data-end=\"2421\"><span style=\"color: #333333;\"><strong data-start=\"2398\" data-end=\"2421\">6. Enlaces externos<\/strong><\/span><\/h3>\n<p data-start=\"2423\" data-end=\"2590\">El sitio web puede contener enlaces a p\u00e1ginas de terceros. PlayLocal no se responsabiliza del contenido, pol\u00edticas de privacidad o pr\u00e1cticas de dichos sitios externos.<\/p>\n<h3 data-start=\"2597\" data-end=\"2637\"><span style=\"color: #333333;\"><strong data-start=\"2600\" data-end=\"2637\">7. Protecci\u00f3n de datos personales<\/strong><\/span><\/h3>\n<p data-start=\"2639\" data-end=\"2784\">El tratamiento de los datos personales del usuario se rige por lo dispuesto en la <strong data-start=\"2721\" data-end=\"2747\">Pol\u00edtica de Privacidad<\/strong>, disponible en este mismo sitio web.<\/p>\n<h3 data-start=\"2791\" data-end=\"2815\"><span style=\"color: #333333;\"><strong data-start=\"2794\" data-end=\"2815\">8. Uso de cookies<\/strong><\/span><\/h3>\n<p data-start=\"2817\" data-end=\"2953\">Este sitio web utiliza cookies propias y de terceros. El usuario puede consultar la informaci\u00f3n detallada en la <strong data-start=\"2929\" data-end=\"2952\">Cookie Policy<\/strong>.<\/p>\n<h3 data-start=\"2960\" data-end=\"3006\"><span style=\"color: #333333;\"><strong data-start=\"2963\" data-end=\"3006\">9. Legislaci\u00f3n aplicable y jurisdicci\u00f3n<\/strong><\/span><\/h3>\n<p data-start=\"3008\" data-end=\"3301\">La relaci\u00f3n entre PlayLocal y el usuario se regir\u00e1 por la normativa espa\u00f1ola vigente. Para la resoluci\u00f3n de cualquier conflicto que pudiera derivarse del acceso o uso del sitio web, las partes se someten a los juzgados y tribunales de <strong data-start=\"3243\" data-end=\"3260\">San Sebasti\u00e1n<\/strong>, salvo que la ley disponga lo contrario.<\/p>\t\t\t\t\t\t\t\t<\/div>\n\t\t\t\t\t<\/div>\n\t\t\t\t<\/div>\n\t\t\t\t<\/div>","protected":false},"excerpt":{"rendered":"<p>Aviso Legal En cumplimiento de lo dispuesto en la Ley 34\/2002, de 11&hellip;<\/p>","protected":false},"author":1,"featured_media":0,"parent":0,"menu_order":0,"comment_status":"closed","ping_status":"closed","template":"","meta":{"footnotes":""},"class_list":["post-620","page","type-page","status-publish","hentry"],"_links":{"self":[{"href":"https:\/\/playlocal.app\/en\/wp-json\/wp\/v2\/pages\/620","targetHints":{"allow":["GET"]}}],"collection":[{"href":"https:\/\/playlocal.app\/en\/wp-json\/wp\/v2\/pages"}],"about":[{"href":"https:\/\/playlocal.app\/en\/wp-json\/wp\/v2\/types\/page"}],"author":[{"embeddable":true,"href":"https:\/\/playlocal.app\/en\/wp-json\/wp\/v2\/users\/1"}],"replies":[{"embeddable":true,"href":"https:\/\/playlocal.app\/en\/wp-json\/wp\/v2\/comments?post=620"}],"version-history":[{"count":18,"href":"https:\/\/playlocal.app\/en\/wp-json\/wp\/v2\/pages\/620\/revisions"}],"predecessor-version":[{"id":1255,"href":"https:\/\/playlocal.app\/en\/wp-json\/wp\/v2\/pages\/620\/revisions\/1255"}],"wp:attachment":[{"href":"https:\/\/playlocal.app\/en\/wp-json\/wp\/v2\/media?parent=620"}],"curies":[{"name":"wp","href":"https:\/\/api.w.org\/{rel}","templated":true}]}}