{"id":735,"date":"2025-12-26T11:08:19","date_gmt":"2025-12-26T11:08:19","guid":{"rendered":"https:\/\/playlocal.app\/?page_id=735"},"modified":"2026-01-14T20:38:31","modified_gmt":"2026-01-14T20:38:31","slug":"playlocal-app","status":"publish","type":"page","link":"https:\/\/playlocal.app\/en\/playlocal-app\/","title":{"rendered":"HOW IT WORKS"},"content":{"rendered":"<div data-elementor-type=\"wp-page\" data-elementor-id=\"735\" class=\"elementor elementor-735\">\n\t\t\t\t<div class=\"elementor-element elementor-element-6c9ad82 e-flex e-con-boxed sc_layouts_column_icons_position_left e-con e-parent\" data-id=\"6c9ad82\" data-element_type=\"container\">\n\t\t\t\t\t<div class=\"e-con-inner\">\n\t\t\t\t<div class=\"elementor-element elementor-element-011389a sc_fly_static elementor-widget elementor-widget-heading\" data-id=\"011389a\" data-element_type=\"widget\" data-widget_type=\"heading.default\">\n\t\t\t\t\t<h1 class=\"elementor-heading-title elementor-size-default\">How Playlocal works step by step<\/h1>\t\t\t\t<\/div>\n\t\t\t\t<div class=\"elementor-element elementor-element-d6ef871 sc_fly_static elementor-widget elementor-widget-text-editor\" data-id=\"d6ef871\" data-element_type=\"widget\" data-widget_type=\"text-editor.default\">\n\t\t\t\t\t\t\t\t\t<p style=\"text-align: center;\">Playlocal is a solution for <strong>digital signage for bars and restaurants<\/strong> that allows you to turn any screen or television into a dynamic visual communication channel. From a single platform, you can manage menus, promotions, and images and update them in real time, directly from your mobile phone or browser.<\/p><p style=\"text-align: center;\">It is simple and quick to use and does not require any technical knowledge or additional hardware.<\/p>\t\t\t\t\t\t\t\t<\/div>\n\t\t\t\t\t<\/div>\n\t\t\t\t<\/div>\n\t\t<div class=\"elementor-element elementor-element-08af7f1 e-flex e-con-boxed sc_layouts_column_icons_position_left e-con e-parent\" data-id=\"08af7f1\" data-element_type=\"container\" data-settings=\"{&quot;background_background&quot;:&quot;classic&quot;}\">\n\t\t\t\t\t<div class=\"e-con-inner\">\n\t\t<div data-animation-type=\"block\" class=\"elementor-element elementor-element-a0c2401 e-con-full e-flex sc_layouts_column_icons_position_left animation_type_block elementor-invisible e-con e-child\" data-id=\"a0c2401\" data-element_type=\"container\" data-settings=\"{&quot;animation&quot;:&quot;ta_fadeinup&quot;,&quot;animation_delay&quot;:100}\">\n\t\t<div class=\"elementor-element elementor-element-52c5f77 e-con-full e-flex sc_layouts_column_icons_position_left e-con e-child\" data-id=\"52c5f77\" data-element_type=\"container\" data-settings=\"{&quot;background_background&quot;:&quot;classic&quot;}\">\n\t\t\t\t<div class=\"elementor-element elementor-element-bad11fc sc_fly_static elementor-widget elementor-widget-image\" data-id=\"bad11fc\" data-element_type=\"widget\" data-widget_type=\"image.default\">\n\t\t\t\t\t\t\t\t\t\t\t\t\t\t\t<img decoding=\"async\" src=\"https:\/\/playlocal.app\/wp-content\/uploads\/elementor\/thumbs\/registrarse-registrarse-concepto-de-membresia-scaled-rgq88d28ub2t6xp9eyizw3w4yj8394mvbwbhzx3hjc.jpg\" title=\"Register Sign Up Membership Concept\" alt=\"Register Sign Up Membership Concept\" loading=\"lazy\" \/>\t\t\t\t\t\t\t\t\t\t\t\t\t\t\t<\/div>\n\t\t\t\t<\/div>\n\t\t<div class=\"elementor-element elementor-element-26acc03 e-flex e-con-boxed sc_layouts_column_icons_position_left e-con e-child\" data-id=\"26acc03\" data-element_type=\"container\" data-settings=\"{&quot;background_background&quot;:&quot;classic&quot;}\">\n\t\t\t\t\t<div class=\"e-con-inner\">\n\t\t<div class=\"elementor-element elementor-element-53a59bb e-con-full e-flex sc_layouts_column_icons_position_left e-con e-child\" data-id=\"53a59bb\" data-element_type=\"container\" data-settings=\"{&quot;background_background&quot;:&quot;classic&quot;}\">\n\t\t\t\t<div data-animation-type=\"block\" class=\"elementor-element elementor-element-22ed7b9 animation_type_block sc_fly_static elementor-invisible elementor-widget elementor-widget-heading\" data-id=\"22ed7b9\" data-element_type=\"widget\" data-settings=\"{&quot;_animation&quot;:&quot;fadeIn&quot;,&quot;_animation_delay&quot;:0}\" data-widget_type=\"heading.default\">\n\t\t\t\t\t<h2 class=\"elementor-heading-title elementor-size-default\"><a href=\"https:\/\/app.playlocal.app\/login\">Log in<\/a><\/h2>\t\t\t\t<\/div>\n\t\t\t\t<div class=\"elementor-element elementor-element-f47f3f8 sc_fly_static elementor-widget elementor-widget-text-editor\" data-id=\"f47f3f8\" data-element_type=\"widget\" data-widget_type=\"text-editor.default\">\n\t\t\t\t\t\t\t\t\t<p style=\"text-align: center;\">Log in or register. You can customise your video page by adding a car registration number, and you will always remember your link.<\/p>\t\t\t\t\t\t\t\t<\/div>\n\t\t\t\t<div class=\"elementor-element elementor-element-a9cc4d3 elementor-align-center sc_fly_static elementor-widget elementor-widget-button\" data-id=\"a9cc4d3\" data-element_type=\"widget\" data-widget_type=\"button.default\">\n\t\t\t\t\t\t\t\t\t\t<a class=\"elementor-button elementor-button-link elementor-size-sm\" href=\"https:\/\/app.playlocal.app\/login\">\n\t\t\t\t\t\t<span class=\"elementor-button-content-wrapper\">\n\t\t\t\t\t\t\t\t\t<span class=\"elementor-button-text\">Log in<\/span>\n\t\t\t\t\t<\/span>\n\t\t\t\t\t<\/a>\n\t\t\t\t\t\t\t\t<\/div>\n\t\t\t\t<\/div>\n\t\t\t\t\t<\/div>\n\t\t\t\t<\/div>\n\t\t\t\t<\/div>\n\t\t<div data-animation-type=\"block\" class=\"elementor-element elementor-element-f195768 e-con-full e-flex sc_layouts_column_icons_position_left animation_type_block elementor-invisible e-con e-child\" data-id=\"f195768\" data-element_type=\"container\" data-settings=\"{&quot;animation&quot;:&quot;ta_fadeinup&quot;,&quot;animation_delay&quot;:100}\">\n\t\t<div class=\"elementor-element elementor-element-057c541 e-con-full e-flex sc_layouts_column_icons_position_left e-con e-child\" data-id=\"057c541\" data-element_type=\"container\">\n\t\t\t\t<div class=\"elementor-element elementor-element-8d09e47 sc_fly_static elementor-widget elementor-widget-heading\" data-id=\"8d09e47\" data-element_type=\"widget\" data-widget_type=\"heading.default\">\n\t\t\t\t\t<h2 class=\"elementor-heading-title elementor-size-default\">Upload Content<\/h2>\t\t\t\t<\/div>\n\t\t\t\t<div class=\"elementor-element elementor-element-f9be914 sc_fly_static elementor-widget elementor-widget-text-editor\" data-id=\"f9be914\" data-element_type=\"widget\" data-widget_type=\"text-editor.default\">\n\t\t\t\t\t\t\t\t\t<p style=\"text-align: center;\">Upload the photos and videos you want to display on your screen<\/p><p style=\"text-align: center;\">You can edit and update everything whenever you want<\/p>\t\t\t\t\t\t\t\t<\/div>\n\t\t\t\t<\/div>\n\t\t\t\t<div class=\"elementor-element elementor-element-d7e39b7 sc_fly_static elementor-widget elementor-widget-image\" data-id=\"d7e39b7\" data-element_type=\"widget\" data-widget_type=\"image.default\">\n\t\t\t\t\t\t\t\t\t\t\t\t\t\t\t<img decoding=\"async\" src=\"https:\/\/playlocal.app\/wp-content\/uploads\/elementor\/thumbs\/mano-de-la-mujer-que-sostiene-la-pantalla-en-blanco-del-telefono-elegante-copie-el-espacio-mano-que-sostiene-el-smartphone-aislado-en-el-fondo-blanco-scaled-rgcjd4q0axxjamqhfcl2vjtvw1csal8h71z1d55vns.jpg\" title=\"Woman Hand holding smart phone blank screen. Copy space. Hand ho\" alt=\"Woman Hand holding smart phone blank screen. Copy space. Hand holding smartphone isolated on white background.\" loading=\"lazy\" \/>\t\t\t\t\t\t\t\t\t\t\t\t\t\t\t<\/div>\n\t\t\t\t<\/div>\n\t\t<div data-animation-type=\"block\" class=\"elementor-element elementor-element-3f99eab e-con-full e-flex sc_layouts_column_icons_position_left animation_type_block elementor-invisible e-con e-child\" data-id=\"3f99eab\" data-element_type=\"container\" data-settings=\"{&quot;animation&quot;:&quot;ta_fadeinup&quot;,&quot;animation_delay&quot;:100}\">\n\t\t<div class=\"elementor-element elementor-element-7aae703 e-con-full e-flex sc_layouts_column_icons_position_left e-con e-child\" data-id=\"7aae703\" data-element_type=\"container\">\n\t\t\t\t<div class=\"elementor-element elementor-element-cdcd51c sc_fly_static elementor-widget elementor-widget-image\" data-id=\"cdcd51c\" data-element_type=\"widget\" data-widget_type=\"image.default\">\n\t\t\t\t\t\t\t\t\t\t\t\t\t\t\t<img decoding=\"async\" src=\"https:\/\/playlocal.app\/wp-content\/uploads\/elementor\/thumbs\/hombre-cambiando-de-canal-de-television-por-su-telefono-inteligente-scaled-rgcpl6j3can0ojag4p2ppig9bf1g1bp6c00kgiymiw.jpg\" title=\"Man changing TV channel by his smartphone\" alt=\"Man changing TV channel by his smartphone\" loading=\"lazy\" \/>\t\t\t\t\t\t\t\t\t\t\t\t\t\t\t<\/div>\n\t\t\t\t<\/div>\n\t\t<div class=\"elementor-element elementor-element-7d3c252 e-flex e-con-boxed sc_layouts_column_icons_position_left e-con e-child\" data-id=\"7d3c252\" data-element_type=\"container\" data-settings=\"{&quot;background_background&quot;:&quot;classic&quot;}\">\n\t\t\t\t\t<div class=\"e-con-inner\">\n\t\t<div class=\"elementor-element elementor-element-c506af9 e-con-full e-flex sc_layouts_column_icons_position_left e-con e-child\" data-id=\"c506af9\" data-element_type=\"container\">\n\t\t\t\t<div class=\"elementor-element elementor-element-fecbe79 sc_fly_static elementor-widget elementor-widget-heading\" data-id=\"fecbe79\" data-element_type=\"widget\" data-widget_type=\"heading.default\">\n\t\t\t\t\t<h2 class=\"elementor-heading-title elementor-size-default\">Connect your TV or Screen<\/h2>\t\t\t\t<\/div>\n\t\t\t\t<div class=\"elementor-element elementor-element-103d572 sc_fly_static elementor-widget elementor-widget-text-editor\" data-id=\"103d572\" data-element_type=\"widget\" data-widget_type=\"text-editor.default\">\n\t\t\t\t\t\t\t\t\t<p style=\"text-align: center;\">Your video will appear at the generated or customized link.<\/p><p style=\"text-align: center;\">Go to your Smart TV's browser and enter this link. <strong>Save the page to your favorites and bookmarks so you always have it handy.<\/strong><\/p><p style=\"text-align: center;\">That's it, it's all automatic. If you change the content, it will update instantly on your TV.<\/p>\t\t\t\t\t\t\t\t<\/div>\n\t\t\t\t<\/div>\n\t\t\t\t\t<\/div>\n\t\t\t\t<\/div>\n\t\t\t\t<\/div>\n\t\t\t\t\t<\/div>\n\t\t\t\t<\/div>\n\t\t<div class=\"e-con-with-custom-width elementor-element elementor-element-3a97fa5 e-flex e-con-boxed sc_layouts_column_icons_position_left e-con e-parent\" data-id=\"3a97fa5\" data-element_type=\"container\" data-settings=\"{&quot;background_background&quot;:&quot;classic&quot;}\">\n\t\t\t\t\t<div class=\"e-con-inner\">\n\t\t\t\t<div data-animation-type=\"block\" class=\"elementor-element elementor-element-9bc3da1 animation_type_block sc_fly_static elementor-invisible elementor-widget elementor-widget-heading\" data-id=\"9bc3da1\" data-element_type=\"widget\" data-settings=\"{&quot;_animation&quot;:&quot;ta_fadeinup&quot;}\" data-widget_type=\"heading.default\">\n\t\t\t\t\t<h2 class=\"elementor-heading-title elementor-size-default\">Get started now, it's easy and free<\/h2>\t\t\t\t<\/div>\n\t\t\t\t<div data-animation-type=\"block\" class=\"elementor-element elementor-element-6f2f0f7 animation_type_block sc_fly_static elementor-invisible elementor-widget elementor-widget-button\" data-id=\"6f2f0f7\" data-element_type=\"widget\" data-settings=\"{&quot;_animation&quot;:&quot;ta_fadeinup&quot;,&quot;_animation_delay&quot;:50}\" data-widget_type=\"button.default\">\n\t\t\t\t\t\t\t\t\t\t<a class=\"elementor-button elementor-button-link elementor-size-sm\" href=\"https:\/\/app.playlocal.app\/login\">\n\t\t\t\t\t\t<span class=\"elementor-button-content-wrapper\">\n\t\t\t\t\t\t\t\t\t<span class=\"elementor-button-text\">REGISTER NOW<\/span>\n\t\t\t\t\t<\/span>\n\t\t\t\t\t<\/a>\n\t\t\t\t\t\t\t\t<\/div>\n\t\t\t\t\t<\/div>\n\t\t\t\t<\/div>\n\t\t\t\t<\/div>","protected":false},"excerpt":{"rendered":"<p>C\u00f3mo funciona Playlocal paso a paso Playlocal es una soluci\u00f3n de carteler\u00eda digital&hellip;<\/p>","protected":false},"author":1,"featured_media":0,"parent":0,"menu_order":0,"comment_status":"closed","ping_status":"closed","template":"elementor_header_footer","meta":{"footnotes":""},"class_list":["post-735","page","type-page","status-publish","hentry"],"_links":{"self":[{"href":"https:\/\/playlocal.app\/en\/wp-json\/wp\/v2\/pages\/735","targetHints":{"allow":["GET"]}}],"collection":[{"href":"https:\/\/playlocal.app\/en\/wp-json\/wp\/v2\/pages"}],"about":[{"href":"https:\/\/playlocal.app\/en\/wp-json\/wp\/v2\/types\/page"}],"author":[{"embeddable":true,"href":"https:\/\/playlocal.app\/en\/wp-json\/wp\/v2\/users\/1"}],"replies":[{"embeddable":true,"href":"https:\/\/playlocal.app\/en\/wp-json\/wp\/v2\/comments?post=735"}],"version-history":[{"count":127,"href":"https:\/\/playlocal.app\/en\/wp-json\/wp\/v2\/pages\/735\/revisions"}],"predecessor-version":[{"id":1135,"href":"https:\/\/playlocal.app\/en\/wp-json\/wp\/v2\/pages\/735\/revisions\/1135"}],"wp:attachment":[{"href":"https:\/\/playlocal.app\/en\/wp-json\/wp\/v2\/media?parent=735"}],"curies":[{"name":"wp","href":"https:\/\/api.w.org\/{rel}","templated":true}]}}